{"id":4536,"date":"2025-05-10T17:39:45","date_gmt":"2025-05-10T17:39:45","guid":{"rendered":"https:\/\/securityforge.org\/loja\/?post_type=product&#038;p=4536"},"modified":"2025-05-10T17:42:42","modified_gmt":"2025-05-10T17:42:42","slug":"security-forge-software-developer-sfsd-direito-a-avaliacao","status":"publish","type":"product","link":"https:\/\/securityforge.org\/loja\/produto\/security-forge-software-developer-sfsd-direito-a-avaliacao\/","title":{"rendered":"Security Forge Software Developer (SFSD) &#8211; Direito \u00e0 Avalia\u00e7\u00e3o"},"content":{"rendered":"<h3 data-start=\"171\" data-end=\"240\">\ud83d\udcbb Security Forge Software Developer (SFSD) \u2013 Direito \u00e0 Avalia\u00e7\u00e3o<\/h3>\n<p data-start=\"242\" data-end=\"465\"><strong data-start=\"242\" data-end=\"341\">Garanta seu lugar na avalia\u00e7\u00e3o oficial da certifica\u00e7\u00e3o SFSD \u2013 Security Forge Software Developer<\/strong> e demonstre sua capacidade de desenvolver aplica\u00e7\u00f5es seguras com foco em prote\u00e7\u00e3o desde o c\u00f3digo-fonte at\u00e9 a implementa\u00e7\u00e3o.<\/p>\n<p data-start=\"467\" data-end=\"678\">A certifica\u00e7\u00e3o SFSD valida profissionais com conhecimentos s\u00f3lidos em desenvolvimento seguro, identifica\u00e7\u00e3o de falhas em aplica\u00e7\u00f5es, e aplica\u00e7\u00e3o de boas pr\u00e1ticas de seguran\u00e7a em todo o ciclo de vida do software.<\/p>\n<hr data-start=\"680\" data-end=\"683\" \/>\n<h4 data-start=\"685\" data-end=\"711\">\u2705 O que est\u00e1 incluso:<\/h4>\n<ul data-start=\"712\" data-end=\"972\">\n<li data-start=\"712\" data-end=\"784\">\n<p data-start=\"714\" data-end=\"784\">Direito de participa\u00e7\u00e3o na pr\u00f3xima <strong data-start=\"749\" data-end=\"784\">avalia\u00e7\u00e3o anual oficial da SFSD<\/strong><\/p>\n<\/li>\n<li data-start=\"785\" data-end=\"847\">\n<p data-start=\"787\" data-end=\"847\"><strong data-start=\"787\" data-end=\"804\">Prova te\u00f3rica<\/strong> com 30 quest\u00f5es (m\u00ednimo de 80% de acertos)<\/p>\n<\/li>\n<li data-start=\"848\" data-end=\"918\">\n<p data-start=\"850\" data-end=\"918\"><strong data-start=\"850\" data-end=\"884\">Desafio pr\u00e1tico de programa\u00e7\u00e3o<\/strong> com foco em seguran\u00e7a de software<\/p>\n<\/li>\n<li data-start=\"919\" data-end=\"972\">\n<p data-start=\"921\" data-end=\"972\">Acesso ao ambiente do desafio e instru\u00e7\u00f5es oficiais<\/p>\n<\/li>\n<\/ul>\n<hr data-start=\"974\" data-end=\"977\" \/>\n<h4 data-start=\"979\" data-end=\"1007\">\ud83e\udde0 Conte\u00fados abordados:<\/h4>\n<ul data-start=\"1008\" data-end=\"1417\">\n<li data-start=\"1008\" data-end=\"1046\">\n<p data-start=\"1010\" data-end=\"1046\">Fundamentos de seguran\u00e7a de software<\/p>\n<\/li>\n<li data-start=\"1047\" data-end=\"1067\">\n<p data-start=\"1049\" data-end=\"1067\">OWASP Top 10 e CWE<\/p>\n<\/li>\n<li data-start=\"1068\" data-end=\"1117\">\n<p data-start=\"1070\" data-end=\"1117\">Valida\u00e7\u00e3o de entradas e prote\u00e7\u00e3o contra inje\u00e7\u00e3o<\/p>\n<\/li>\n<li data-start=\"1118\" data-end=\"1164\">\n<p data-start=\"1120\" data-end=\"1164\">Gest\u00e3o de autentica\u00e7\u00e3o, sess\u00e3o e autoriza\u00e7\u00e3o<\/p>\n<\/li>\n<li data-start=\"1165\" data-end=\"1207\">\n<p data-start=\"1167\" data-end=\"1207\">Criptografia aplicada ao desenvolvimento<\/p>\n<\/li>\n<li data-start=\"1208\" data-end=\"1243\">\n<p data-start=\"1210\" data-end=\"1243\">Seguran\u00e7a em APIs e microservi\u00e7os<\/p>\n<\/li>\n<li data-start=\"1244\" data-end=\"1282\">\n<p data-start=\"1246\" data-end=\"1282\">Seguran\u00e7a em aplica\u00e7\u00f5es web e mobile<\/p>\n<\/li>\n<li data-start=\"1283\" data-end=\"1319\">\n<p data-start=\"1285\" data-end=\"1319\">Pr\u00e1ticas seguras de DevOps e CI\/CD<\/p>\n<\/li>\n<li data-start=\"1320\" data-end=\"1366\">\n<p data-start=\"1322\" data-end=\"1366\">An\u00e1lise de c\u00f3digo seguro e revis\u00e3o de falhas<\/p>\n<\/li>\n<li data-start=\"1367\" data-end=\"1417\">\n<p data-start=\"1369\" data-end=\"1417\">Modelagem de amea\u00e7as e engenharia reversa b\u00e1sica<\/p>\n<\/li>\n<\/ul>\n<hr data-start=\"1419\" data-end=\"1422\" \/>\n<h4 data-start=\"1424\" data-end=\"1443\">\u26a0\ufe0f Importante:<\/h4>\n<ul data-start=\"1444\" data-end=\"1826\">\n<li data-start=\"1444\" data-end=\"1529\">\n<p data-start=\"1446\" data-end=\"1529\">A data da avalia\u00e7\u00e3o ser\u00e1 liberada ap\u00f3s a compra, em sua conta na loja e por e-mail.<\/p>\n<\/li>\n<li data-start=\"1530\" data-end=\"1638\">\n<p data-start=\"1532\" data-end=\"1638\">Este produto <strong data-start=\"1545\" data-end=\"1601\">concede o direito de participar da avalia\u00e7\u00e3o oficial<\/strong>, mas <strong data-start=\"1607\" data-end=\"1637\">n\u00e3o garante a certifica\u00e7\u00e3o<\/strong>.<\/p>\n<\/li>\n<li data-start=\"1639\" data-end=\"1702\">\n<p data-start=\"1641\" data-end=\"1702\">A pontua\u00e7\u00e3o m\u00ednima para aprova\u00e7\u00e3o na prova te\u00f3rica \u00e9 <strong data-start=\"1694\" data-end=\"1701\">80%<\/strong>.<\/p>\n<\/li>\n<li data-start=\"1703\" data-end=\"1826\">\n<p data-start=\"1705\" data-end=\"1826\">O desafio pr\u00e1tico ser\u00e1 avaliado com base em seguran\u00e7a, desempenho e ader\u00eancia \u00e0s boas pr\u00e1ticas de desenvolvimento seguro.<\/p>\n<\/li>\n<\/ul>\n<hr data-start=\"1828\" data-end=\"1831\" \/>\n<h4 data-start=\"1833\" data-end=\"1861\">\ud83c\udf93 Precisa se preparar?<\/h4>\n<p data-start=\"1862\" data-end=\"2010\">Confira nossos <strong data-start=\"1877\" data-end=\"1923\">cursos preparat\u00f3rios espec\u00edficos para SFSD<\/strong>, com foco em desenvolvimento seguro e resolu\u00e7\u00e3o de desafios similares \u00e0 prova pr\u00e1tica.<\/p>\n<hr data-start=\"2012\" data-end=\"2015\" \/>\n<p data-start=\"2017\" data-end=\"2184\"><strong data-start=\"2017\" data-end=\"2084\">Prove sua expertise como desenvolvedor consciente da seguran\u00e7a.<\/strong><br data-start=\"2084\" data-end=\"2087\" \/>Obtenha sua certifica\u00e7\u00e3o SFSD e destaque-se no mercado de tecnologia com foco em software seguro.<\/p>\n","protected":false},"excerpt":{"rendered":"<p>Garanta seu lugar na avalia\u00e7\u00e3o oficial da certifica\u00e7\u00e3o SFSD \u2013 Security Forge Software Developer e demonstre sua capacidade de desenvolver aplica\u00e7\u00f5es seguras com foco em prote\u00e7\u00e3o desde o c\u00f3digo-fonte at\u00e9 a implementa\u00e7\u00e3o.<\/p>\n","protected":false},"featured_media":4539,"comment_status":"open","ping_status":"closed","template":"","meta":{"site-sidebar-layout":"default","site-content-layout":"","ast-site-content-layout":"default","site-content-style":"default","site-sidebar-style":"default","ast-global-header-display":"","ast-banner-title-visibility":"","ast-main-header-display":"","ast-hfb-above-header-display":"","ast-hfb-below-header-display":"","ast-hfb-mobile-header-display":"","site-post-title":"","ast-breadcrumbs-content":"","ast-featured-img":"","footer-sml-layout":"","theme-transparent-header-meta":"default","adv-header-id-meta":"","stick-header-meta":"","header-above-stick-meta":"","header-main-stick-meta":"","header-below-stick-meta":"","astra-migrate-meta-layouts":"set","ast-page-background-enabled":"default","ast-page-background-meta":{"desktop":{"background-color":"","background-image":"","background-repeat":"repeat","background-position":"center center","background-size":"auto","background-attachment":"scroll","background-type":"","background-media":"","overlay-type":"","overlay-color":"","overlay-opacity":"","overlay-gradient":""},"tablet":{"background-color":"","background-image":"","background-repeat":"repeat","background-position":"center center","background-size":"auto","background-attachment":"scroll","background-type":"","background-media":"","overlay-type":"","overlay-color":"","overlay-opacity":"","overlay-gradient":""},"mobile":{"background-color":"","background-image":"","background-repeat":"repeat","background-position":"center center","background-size":"auto","background-attachment":"scroll","background-type":"","background-media":"","overlay-type":"","overlay-color":"","overlay-opacity":"","overlay-gradient":""}},"ast-content-background-meta":{"desktop":{"background-color":"var(--ast-global-color-5)","background-image":"","background-repeat":"repeat","background-position":"center center","background-size":"auto","background-attachment":"scroll","background-type":"","background-media":"","overlay-type":"","overlay-color":"","overlay-opacity":"","overlay-gradient":""},"tablet":{"background-color":"var(--ast-global-color-5)","background-image":"","background-repeat":"repeat","background-position":"center center","background-size":"auto","background-attachment":"scroll","background-type":"","background-media":"","overlay-type":"","overlay-color":"","overlay-opacity":"","overlay-gradient":""},"mobile":{"background-color":"var(--ast-global-color-5)","background-image":"","background-repeat":"repeat","background-position":"center center","background-size":"auto","background-attachment":"scroll","background-type":"","background-media":"","overlay-type":"","overlay-color":"","overlay-opacity":"","overlay-gradient":""}}},"product_brand":[],"product_cat":[16],"product_tag":[],"class_list":{"0":"post-4536","1":"product","2":"type-product","3":"status-publish","4":"has-post-thumbnail","6":"product_cat-certificacoes","7":"desktop-align-left","8":"tablet-align-left","9":"mobile-align-left","11":"first","12":"instock","13":"virtual","14":"purchasable","15":"product-type-simple"},"_links":{"self":[{"href":"https:\/\/securityforge.org\/loja\/wp-json\/wp\/v2\/product\/4536","targetHints":{"allow":["GET"]}}],"collection":[{"href":"https:\/\/securityforge.org\/loja\/wp-json\/wp\/v2\/product"}],"about":[{"href":"https:\/\/securityforge.org\/loja\/wp-json\/wp\/v2\/types\/product"}],"replies":[{"embeddable":true,"href":"https:\/\/securityforge.org\/loja\/wp-json\/wp\/v2\/comments?post=4536"}],"version-history":[{"count":1,"href":"https:\/\/securityforge.org\/loja\/wp-json\/wp\/v2\/product\/4536\/revisions"}],"predecessor-version":[{"id":4538,"href":"https:\/\/securityforge.org\/loja\/wp-json\/wp\/v2\/product\/4536\/revisions\/4538"}],"wp:featuredmedia":[{"embeddable":true,"href":"https:\/\/securityforge.org\/loja\/wp-json\/wp\/v2\/media\/4539"}],"wp:attachment":[{"href":"https:\/\/securityforge.org\/loja\/wp-json\/wp\/v2\/media?parent=4536"}],"wp:term":[{"taxonomy":"product_brand","embeddable":true,"href":"https:\/\/securityforge.org\/loja\/wp-json\/wp\/v2\/product_brand?post=4536"},{"taxonomy":"product_cat","embeddable":true,"href":"https:\/\/securityforge.org\/loja\/wp-json\/wp\/v2\/product_cat?post=4536"},{"taxonomy":"product_tag","embeddable":true,"href":"https:\/\/securityforge.org\/loja\/wp-json\/wp\/v2\/product_tag?post=4536"}],"curies":[{"name":"wp","href":"https:\/\/api.w.org\/{rel}","templated":true}]}}