{"id":4387,"date":"2025-05-08T20:50:03","date_gmt":"2025-05-08T20:50:03","guid":{"rendered":"https:\/\/securityforge.org\/loja\/home\/"},"modified":"2025-05-09T12:14:33","modified_gmt":"2025-05-09T12:14:33","slug":"home","status":"publish","type":"page","link":"https:\/\/securityforge.org\/loja\/","title":{"rendered":"Home"},"content":{"rendered":"\t\t<div data-elementor-type=\"wp-page\" data-elementor-id=\"4387\" class=\"elementor elementor-4387\">\n\t\t\t\t<div class=\"elementor-element elementor-element-aef5fd5 e-flex e-con-boxed e-con e-parent\" data-id=\"aef5fd5\" data-element_type=\"container\" data-settings=\"{&quot;background_background&quot;:&quot;classic&quot;}\">\n\t\t\t\t\t<div class=\"e-con-inner\">\n\t\t<div class=\"elementor-element elementor-element-f343400 e-con-full e-flex e-con e-child\" data-id=\"f343400\" data-element_type=\"container\">\n\t\t\t\t<div class=\"elementor-element elementor-element-5e370e0 elementor-invisible elementor-widget elementor-widget-heading\" data-id=\"5e370e0\" data-element_type=\"widget\" data-settings=\"{&quot;_animation&quot;:&quot;fadeIn&quot;,&quot;_animation_delay&quot;:600}\" data-widget_type=\"heading.default\">\n\t\t\t\t<div class=\"elementor-widget-container\">\n\t\t\t\t\t<h1 class=\"elementor-heading-title elementor-size-default\">Security Forge<\/h1>\t\t\t\t<\/div>\n\t\t\t\t<\/div>\n\t\t\t\t<div class=\"elementor-element elementor-element-1f905f6 elementor-invisible elementor-widget elementor-widget-heading\" data-id=\"1f905f6\" data-element_type=\"widget\" data-settings=\"{&quot;_animation&quot;:&quot;fadeIn&quot;,&quot;_animation_delay&quot;:700}\" data-widget_type=\"heading.default\">\n\t\t\t\t<div class=\"elementor-widget-container\">\n\t\t\t\t\t<h3 class=\"elementor-heading-title elementor-size-default\">Cursos e Certifica\u00e7\u00f5es<\/h3>\t\t\t\t<\/div>\n\t\t\t\t<\/div>\n\t\t<div class=\"elementor-element elementor-element-dcec449 e-flex e-con-boxed e-con e-child\" data-id=\"dcec449\" data-element_type=\"container\">\n\t\t\t\t\t<div class=\"e-con-inner\">\n\t\t\t\t<div class=\"elementor-element elementor-element-83c70d8 elementor-align-left elementor-mobile-align-justify elementor-tablet-align-left elementor-widget__width-auto elementor-widget-mobile__width-inherit elementor-widget elementor-widget-button\" data-id=\"83c70d8\" data-element_type=\"widget\" data-widget_type=\"button.default\">\n\t\t\t\t<div class=\"elementor-widget-container\">\n\t\t\t\t\t\t\t\t\t<div class=\"elementor-button-wrapper\">\n\t\t\t\t\t<a class=\"elementor-button elementor-button-link elementor-size-sm\" href=\"https:\/\/securityforge.org\/loja\/loja\/\">\n\t\t\t\t\t\t<span class=\"elementor-button-content-wrapper\">\n\t\t\t\t\t\t\t\t\t<span class=\"elementor-button-text\">produtos<\/span>\n\t\t\t\t\t<\/span>\n\t\t\t\t\t<\/a>\n\t\t\t\t<\/div>\n\t\t\t\t\t\t\t\t<\/div>\n\t\t\t\t<\/div>\n\t\t\t\t\t<\/div>\n\t\t\t\t<\/div>\n\t\t\t\t<\/div>\n\t\t\t\t\t<\/div>\n\t\t\t\t<\/div>\n\t\t<div class=\"elementor-element elementor-element-d0a8eab e-flex e-con-boxed e-con e-parent\" data-id=\"d0a8eab\" data-element_type=\"container\">\n\t\t\t\t\t<div class=\"e-con-inner\">\n\t\t\t\t<div class=\"elementor-element elementor-element-76ca5dd elementor-widget elementor-widget-wp-widget-woocommerce_product_search\" data-id=\"76ca5dd\" data-element_type=\"widget\" data-widget_type=\"wp-widget-woocommerce_product_search.default\">\n\t\t\t\t<div class=\"elementor-widget-container\">\n\t\t\t\t\t<form role=\"search\" method=\"get\" class=\"woocommerce-product-search\" action=\"https:\/\/securityforge.org\/loja\/\">\n\t<label class=\"screen-reader-text\" for=\"woocommerce-product-search-field-0\">Pesquisar por:<\/label>\n\t<input type=\"search\" id=\"woocommerce-product-search-field-0\" class=\"search-field\" placeholder=\"Pesquisar produtos&hellip;\" value=\"\" name=\"s\" \/>\n\t<button type=\"submit\" value=\"Pesquisar\" class=\"\">Pesquisar<\/button>\n\t<input type=\"hidden\" name=\"post_type\" value=\"product\" \/>\n<\/form>\n\t\t\t\t<\/div>\n\t\t\t\t<\/div>\n\t\t\t\t\t<\/div>\n\t\t\t\t<\/div>\n\t\t<div class=\"elementor-element elementor-element-819108b e-grid e-con-boxed e-con e-parent\" data-id=\"819108b\" data-element_type=\"container\">\n\t\t\t\t\t<div class=\"e-con-inner\">\n\t\t\t\t<div class=\"elementor-element elementor-element-c38aa77 elementor-widget elementor-widget-wp-widget-woocommerce_products\" data-id=\"c38aa77\" data-element_type=\"widget\" data-widget_type=\"wp-widget-woocommerce_products.default\">\n\t\t\t\t<div class=\"elementor-widget-container\">\n\t\t\t\t\t<h5>Produtos Em Destaque<\/h5><ul class=\"product_list_widget\"><li>\n\t\n\t<a href=\"https:\/\/securityforge.org\/loja\/produto\/sfde-security-forge-desensive-engineer\/\">\n\t\t<img fetchpriority=\"high\" decoding=\"async\" width=\"300\" height=\"300\" src=\"https:\/\/securityforge.org\/loja\/wp-content\/uploads\/2025\/05\/crtificacaod-300x300.png\" class=\"attachment-woocommerce_thumbnail size-woocommerce_thumbnail\" alt=\"Security Forge Desensive Engineer (SFDE) \u2013 Direito \u00e0 Avalia\u00e7\u00e3o\" srcset=\"https:\/\/securityforge.org\/loja\/wp-content\/uploads\/2025\/05\/crtificacaod-300x300.png 300w, https:\/\/securityforge.org\/loja\/wp-content\/uploads\/2025\/05\/crtificacaod-150x150.png 150w, https:\/\/securityforge.org\/loja\/wp-content\/uploads\/2025\/05\/crtificacaod-100x100.png 100w\" sizes=\"(max-width: 300px) 100vw, 300px\" \/>\t\t<span class=\"product-title\">Security Forge Desensive Engineer (SFDE) \u2013 Direito \u00e0 Avalia\u00e7\u00e3o<\/span>\n\t<\/a>\n\n\t\t\t<div class=\"review-rating\"><div class=\"star-rating\"><span style=\"width:0%\">Avalia\u00e7\u00e3o <strong class=\"rating\">0<\/strong> de 5<\/span><\/div><\/div>\t\n\t<del aria-hidden=\"true\"><span class=\"woocommerce-Price-amount amount\"><bdi><span class=\"woocommerce-Price-currencySymbol\">&#82;&#36;<\/span>460,00<\/bdi><\/span><\/del> <span class=\"screen-reader-text\">O pre\u00e7o original era: &#082;&#036;460,00.<\/span><ins aria-hidden=\"true\"><span class=\"woocommerce-Price-amount amount\"><bdi><span class=\"woocommerce-Price-currencySymbol\">&#82;&#36;<\/span>420,00<\/bdi><\/span><\/ins><span class=\"screen-reader-text\">O pre\u00e7o atual \u00e9: &#082;&#036;420,00.<\/span>\n\t<\/li>\n<li>\n\t\n\t<a href=\"https:\/\/securityforge.org\/loja\/produto\/security-forge-software-developer-sfsd-direito-a-avaliacao\/\">\n\t\t<img decoding=\"async\" width=\"300\" height=\"300\" src=\"https:\/\/securityforge.org\/loja\/wp-content\/uploads\/2025\/05\/crtificacao-300x300.png\" class=\"attachment-woocommerce_thumbnail size-woocommerce_thumbnail\" alt=\"Security Forge Software Developer (SFSD) - Direito \u00e0 Avalia\u00e7\u00e3o\" srcset=\"https:\/\/securityforge.org\/loja\/wp-content\/uploads\/2025\/05\/crtificacao-300x300.png 300w, https:\/\/securityforge.org\/loja\/wp-content\/uploads\/2025\/05\/crtificacao-150x150.png 150w, https:\/\/securityforge.org\/loja\/wp-content\/uploads\/2025\/05\/crtificacao-100x100.png 100w\" sizes=\"(max-width: 300px) 100vw, 300px\" \/>\t\t<span class=\"product-title\">Security Forge Software Developer (SFSD) - Direito \u00e0 Avalia\u00e7\u00e3o<\/span>\n\t<\/a>\n\n\t\t\t<div class=\"review-rating\"><div class=\"star-rating\"><span style=\"width:0%\">Avalia\u00e7\u00e3o <strong class=\"rating\">0<\/strong> de 5<\/span><\/div><\/div>\t\n\t<span class=\"woocommerce-Price-amount amount\"><bdi><span class=\"woocommerce-Price-currencySymbol\">&#82;&#36;<\/span>450,00<\/bdi><\/span>\n\t<\/li>\n<li>\n\t\n\t<a href=\"https:\/\/securityforge.org\/loja\/produto\/security-forge-offensive-engineer\/\">\n\t\t<img decoding=\"async\" width=\"300\" height=\"300\" src=\"https:\/\/securityforge.org\/loja\/wp-content\/uploads\/2025\/05\/cert-300x300.png\" class=\"attachment-woocommerce_thumbnail size-woocommerce_thumbnail\" alt=\"Security Forge Offensive Engineer (SFOE) \u2013 Direito \u00e0 Avalia\u00e7\u00e3o\" srcset=\"https:\/\/securityforge.org\/loja\/wp-content\/uploads\/2025\/05\/cert-300x300.png 300w, https:\/\/securityforge.org\/loja\/wp-content\/uploads\/2025\/05\/cert-100x100.png 100w, https:\/\/securityforge.org\/loja\/wp-content\/uploads\/2025\/05\/cert-150x150.png 150w\" sizes=\"(max-width: 300px) 100vw, 300px\" \/>\t\t<span class=\"product-title\">Security Forge Offensive Engineer (SFOE) \u2013 Direito \u00e0 Avalia\u00e7\u00e3o<\/span>\n\t<\/a>\n\n\t\t\t<div class=\"review-rating\"><div class=\"star-rating\"><span style=\"width:0%\">Avalia\u00e7\u00e3o <strong class=\"rating\">0<\/strong> de 5<\/span><\/div><\/div>\t\n\t<del aria-hidden=\"true\"><span class=\"woocommerce-Price-amount amount\"><bdi><span class=\"woocommerce-Price-currencySymbol\">&#82;&#36;<\/span>490,00<\/bdi><\/span><\/del> <span class=\"screen-reader-text\">O pre\u00e7o original era: &#082;&#036;490,00.<\/span><ins aria-hidden=\"true\"><span class=\"woocommerce-Price-amount amount\"><bdi><span class=\"woocommerce-Price-currencySymbol\">&#82;&#36;<\/span>478,00<\/bdi><\/span><\/ins><span class=\"screen-reader-text\">O pre\u00e7o atual \u00e9: &#082;&#036;478,00.<\/span>\n\t<\/li>\n<\/ul>\t\t\t\t<\/div>\n\t\t\t\t<\/div>\n\t\t\t\t<div class=\"elementor-element elementor-element-1cdf169 elementor-widget elementor-widget-wp-widget-text\" data-id=\"1cdf169\" data-element_type=\"widget\" data-widget_type=\"wp-widget-text.default\">\n\t\t\t\t<div class=\"elementor-widget-container\">\n\t\t\t\t\t\t\t\t<div class=\"textwidget\"><h5 class=\"\" data-start=\"92\" data-end=\"119\">Explore Nossa Loja<\/h5>\n<p>&nbsp;<\/p>\n<p class=\"\" style=\"text-align: justify\" data-start=\"121\" data-end=\"489\">Encontre aqui cursos e certifica\u00e7\u00f5es em ciberseguran\u00e7a que v\u00e3o impulsionar sua carreira. Desde forma\u00e7\u00f5es pr\u00e1ticas em seguran\u00e7a ofensiva e defensiva at\u00e9 certifica\u00e7\u00f5es reconhecidas no mercado, nossos produtos s\u00e3o voltados para quem deseja se destacar na prote\u00e7\u00e3o de sistemas e redes. Aprenda com especialistas e comprove suas habilidades com credenciais de peso.<\/p>\n<\/div>\n\t\t\t\t\t\t<\/div>\n\t\t\t\t<\/div>\n\t\t\t\t\t<\/div>\n\t\t\t\t<\/div>\n\t\t\t\t<\/div>\n\t\t","protected":false},"excerpt":{"rendered":"<p>Security Forge Cursos e Certifica\u00e7\u00f5es produtos<\/p>\n","protected":false},"author":1,"featured_media":0,"parent":0,"menu_order":0,"comment_status":"closed","ping_status":"closed","template":"","meta":{"site-sidebar-layout":"no-sidebar","site-content-layout":"page-builder","ast-site-content-layout":"full-width-container","site-content-style":"unboxed","site-sidebar-style":"unboxed","ast-global-header-display":"","ast-banner-title-visibility":"","ast-main-header-display":"","ast-hfb-above-header-display":"","ast-hfb-below-header-display":"","ast-hfb-mobile-header-display":"","site-post-title":"disabled","ast-breadcrumbs-content":"","ast-featured-img":"disabled","footer-sml-layout":"","theme-transparent-header-meta":"enabled","adv-header-id-meta":"","stick-header-meta":"","header-above-stick-meta":"","header-main-stick-meta":"","header-below-stick-meta":"","astra-migrate-meta-layouts":"set","ast-page-background-enabled":"default","ast-page-background-meta":{"desktop":{"background-color":"","background-image":"","background-repeat":"repeat","background-position":"center center","background-size":"auto","background-attachment":"scroll","background-type":"","background-media":"","overlay-type":"","overlay-color":"","overlay-opacity":"","overlay-gradient":""},"tablet":{"background-color":"","background-image":"","background-repeat":"repeat","background-position":"center center","background-size":"auto","background-attachment":"scroll","background-type":"","background-media":"","overlay-type":"","overlay-color":"","overlay-opacity":"","overlay-gradient":""},"mobile":{"background-color":"","background-image":"","background-repeat":"repeat","background-position":"center center","background-size":"auto","background-attachment":"scroll","background-type":"","background-media":"","overlay-type":"","overlay-color":"","overlay-opacity":"","overlay-gradient":""}},"ast-content-background-meta":{"desktop":{"background-color":"var(--ast-global-color-5)","background-image":"","background-repeat":"repeat","background-position":"center center","background-size":"auto","background-attachment":"scroll","background-type":"","background-media":"","overlay-type":"","overlay-color":"","overlay-opacity":"","overlay-gradient":""},"tablet":{"background-color":"var(--ast-global-color-5)","background-image":"","background-repeat":"repeat","background-position":"center center","background-size":"auto","background-attachment":"scroll","background-type":"","background-media":"","overlay-type":"","overlay-color":"","overlay-opacity":"","overlay-gradient":""},"mobile":{"background-color":"var(--ast-global-color-5)","background-image":"","background-repeat":"repeat","background-position":"center center","background-size":"auto","background-attachment":"scroll","background-type":"","background-media":"","overlay-type":"","overlay-color":"","overlay-opacity":"","overlay-gradient":""}},"footnotes":""},"class_list":["post-4387","page","type-page","status-publish","hentry","desktop-align-left","tablet-align-left","mobile-align-left"],"_links":{"self":[{"href":"https:\/\/securityforge.org\/loja\/wp-json\/wp\/v2\/pages\/4387","targetHints":{"allow":["GET"]}}],"collection":[{"href":"https:\/\/securityforge.org\/loja\/wp-json\/wp\/v2\/pages"}],"about":[{"href":"https:\/\/securityforge.org\/loja\/wp-json\/wp\/v2\/types\/page"}],"author":[{"embeddable":true,"href":"https:\/\/securityforge.org\/loja\/wp-json\/wp\/v2\/users\/1"}],"replies":[{"embeddable":true,"href":"https:\/\/securityforge.org\/loja\/wp-json\/wp\/v2\/comments?post=4387"}],"version-history":[{"count":40,"href":"https:\/\/securityforge.org\/loja\/wp-json\/wp\/v2\/pages\/4387\/revisions"}],"predecessor-version":[{"id":4500,"href":"https:\/\/securityforge.org\/loja\/wp-json\/wp\/v2\/pages\/4387\/revisions\/4500"}],"wp:attachment":[{"href":"https:\/\/securityforge.org\/loja\/wp-json\/wp\/v2\/media?parent=4387"}],"curies":[{"name":"wp","href":"https:\/\/api.w.org\/{rel}","templated":true}]}}